{"id":29,"date":"2016-10-04T09:21:32","date_gmt":"2016-10-04T07:21:32","guid":{"rendered":"http:\/\/biblioteka.szemud.pl\/?page_id=29"},"modified":"2026-02-06T14:21:28","modified_gmt":"2026-02-06T13:21:28","slug":"szemud","status":"publish","type":"page","link":"https:\/\/biblioteka.szemud.pl\/index.php\/filie\/szemud\/","title":{"rendered":"Szemud"},"content":{"rendered":"<table style=\"height: 51px; width: 490px; border: 0; border-color: #000000;\" border=\"0\">\n<tbody>\n<tr>\n<td style=\"width: 301.9px;\">\n<p style=\"text-align: left;\"><span style=\"font-size: 18pt;\"><strong>Adres:<\/strong><\/span><\/p>\n<p>Szemud<\/p>\n<p style=\"text-align: left;\">ul. Samorz\u0105dowa 1<\/p>\n<p style=\"text-align: left;\">84-217 Szemud<\/p>\n<p style=\"text-align: left;\">tel.&nbsp; 58 739 77 01<\/p>\n<p>Dyrekcja\/Ksi\u0119gowo\u015b\u0107<\/p>\n<p>&nbsp; &nbsp; &nbsp; 58 739 77 00<\/p>\n<p style=\"text-align: left;\">e-mail: szemud@bibliotekaszemud.pl<\/p>\n<p style=\"text-align: left;\">GG: 1828713<\/p>\n<\/td>\n<td style=\"width: 170.1px;\">\n<p style=\"text-align: left;\">&nbsp;<\/p>\n<p style=\"text-align: left;\">&nbsp;<\/p>\n<\/td>\n<\/tr>\n<\/tbody>\n<\/table>\n<p><span style=\"font-size: 18pt;\"><strong>Godziny otwarcia:<\/strong><\/span><\/p>\n<table style=\"height: 138px; width: 57.7021%;\">\n<tbody>\n<tr style=\"height: 23px;\">\n<td style=\"width: 44.3299%; height: 23px;\">Poniedzia\u0142ek<\/td>\n<td style=\"width: 54.0206%; height: 23px;\">09:00-18:00<\/td>\n<\/tr>\n<tr style=\"height: 23px;\">\n<td style=\"width: 44.3299%; height: 23px;\">Wtorek<\/td>\n<td style=\"width: 54.0206%; height: 23px;\">09:00-18:00<\/td>\n<\/tr>\n<tr style=\"height: 23px;\">\n<td style=\"width: 44.3299%; height: 23px;\">\u015aroda<\/td>\n<td style=\"width: 54.0206%; height: 23px;\">09:00-16:00<\/td>\n<\/tr>\n<tr style=\"height: 23px;\">\n<td style=\"width: 44.3299%; height: 23px;\">Czwartek<\/td>\n<td style=\"width: 54.0206%; height: 23px;\">09:00-18:00<\/td>\n<\/tr>\n<tr style=\"height: 23px;\">\n<td style=\"width: 44.3299%; height: 23px;\">Pi\u0105tek<\/td>\n<td style=\"width: 54.0206%; height: 23px;\">09:00-16:00<\/td>\n<\/tr>\n<tr style=\"height: 23px;\">\n<td style=\"width: 44.3299%; height: 23px;\">Sobota<\/td>\n<td style=\"width: 54.0206%; height: 23px;\">09:00-13:00&nbsp;&nbsp;&nbsp;<\/td>\n<\/tr>\n<\/tbody>\n<\/table>\n\n\n<figure class=\"wp-block-image size-large\"><img loading=\"lazy\" decoding=\"async\" width=\"1024\" height=\"726\" src=\"https:\/\/biblioteka.szemud.pl\/wp-content\/uploads\/2026\/02\/Infoprzypominajka-85-1024x726.png\" alt=\"\" class=\"wp-image-76038\" srcset=\"https:\/\/biblioteka.szemud.pl\/wp-content\/uploads\/2026\/02\/Infoprzypominajka-85-1024x726.png 1024w, https:\/\/biblioteka.szemud.pl\/wp-content\/uploads\/2026\/02\/Infoprzypominajka-85-300x213.png 300w, https:\/\/biblioteka.szemud.pl\/wp-content\/uploads\/2026\/02\/Infoprzypominajka-85-768x545.png 768w, https:\/\/biblioteka.szemud.pl\/wp-content\/uploads\/2026\/02\/Infoprzypominajka-85-1536x1090.png 1536w, https:\/\/biblioteka.szemud.pl\/wp-content\/uploads\/2026\/02\/Infoprzypominajka-85.png 1748w\" sizes=\"auto, (max-width: 1024px) 100vw, 1024px\" \/><\/figure>\n\n\n<p>[imagely id=&#8221;2324&#8243;]<\/p>","protected":false},"excerpt":{"rendered":"<div class=\"mh-excerpt\"><p>Adres: Szemud ul. Samorz\u0105dowa 1 84-217 Szemud tel.&nbsp; 58 739 77 01 Dyrekcja\/Ksi\u0119gowo\u015b\u0107 &nbsp; &nbsp; &nbsp; 58 739 77 00 e-mail: szemud@bibliotekaszemud.pl GG: 1828713 &nbsp; <a class=\"mh-excerpt-more\" href=\"https:\/\/biblioteka.szemud.pl\/index.php\/filie\/szemud\/\" title=\"Szemud\">[&#8230;]<\/a><\/p>\n<\/div>","protected":false},"author":2,"featured_media":0,"parent":9,"menu_order":1,"comment_status":"closed","ping_status":"closed","template":"","meta":{"_price":"","_stock":"","_tribe_ticket_header":"","_tribe_default_ticket_provider":"","_tribe_ticket_capacity":"0","_ticket_start_date":"","_ticket_end_date":"","_tribe_ticket_show_description":"","_tribe_ticket_show_not_going":false,"_tribe_ticket_use_global_stock":"","_tribe_ticket_global_stock_level":"","_global_stock_mode":"","_global_stock_cap":"","_tribe_rsvp_for_event":"","_tribe_ticket_going_count":"","_tribe_ticket_not_going_count":"","_tribe_tickets_list":"[]","_tribe_ticket_has_attendee_info_fields":false,"_mc_calendar":[],"footnotes":"","_tec_slr_enabled":"","_tec_slr_layout":""},"class_list":["post-29","page","type-page","status-publish","hentry"],"ticketed":false,"_links":{"self":[{"href":"https:\/\/biblioteka.szemud.pl\/index.php\/wp-json\/wp\/v2\/pages\/29","targetHints":{"allow":["GET"]}}],"collection":[{"href":"https:\/\/biblioteka.szemud.pl\/index.php\/wp-json\/wp\/v2\/pages"}],"about":[{"href":"https:\/\/biblioteka.szemud.pl\/index.php\/wp-json\/wp\/v2\/types\/page"}],"author":[{"embeddable":true,"href":"https:\/\/biblioteka.szemud.pl\/index.php\/wp-json\/wp\/v2\/users\/2"}],"replies":[{"embeddable":true,"href":"https:\/\/biblioteka.szemud.pl\/index.php\/wp-json\/wp\/v2\/comments?post=29"}],"version-history":[{"count":68,"href":"https:\/\/biblioteka.szemud.pl\/index.php\/wp-json\/wp\/v2\/pages\/29\/revisions"}],"predecessor-version":[{"id":76039,"href":"https:\/\/biblioteka.szemud.pl\/index.php\/wp-json\/wp\/v2\/pages\/29\/revisions\/76039"}],"up":[{"embeddable":true,"href":"https:\/\/biblioteka.szemud.pl\/index.php\/wp-json\/wp\/v2\/pages\/9"}],"wp:attachment":[{"href":"https:\/\/biblioteka.szemud.pl\/index.php\/wp-json\/wp\/v2\/media?parent=29"}],"curies":[{"name":"wp","href":"https:\/\/api.w.org\/{rel}","templated":true}]}}