{"id":168,"date":"2016-10-18T15:24:52","date_gmt":"2016-10-18T13:24:52","guid":{"rendered":"http:\/\/biblioteka.szemud.pl\/?page_id=168"},"modified":"2016-12-16T10:30:49","modified_gmt":"2016-12-16T09:30:49","slug":"jan-piepka","status":"publish","type":"page","link":"https:\/\/biblioteka.szemud.pl\/index.php\/patron\/jan-piepka\/","title":{"rendered":"Jan Piepka"},"content":{"rendered":"<p><img loading=\"lazy\" decoding=\"async\" class=\"alignnone size-medium wp-image-637 alignleft\" src=\"http:\/\/biblioteka.szemud.pl\/wp-content\/uploads\/2016\/10\/Piepka-\u0141ebno-204x300.jpg\" alt=\"piepka-lebno\" width=\"204\" height=\"300\"><strong>Jan Piepka<\/strong> , pseudonim <strong>Jan Staszk\u00f3w<\/strong> (1926-2001)&nbsp;<\/p>\n<p style=\"text-align: justify;\">8 marca 2001 roku zmar\u0142 Jan Piepka. Kim by\u0142 i dlaczego czcimy Jego pami\u0119\u0107?<\/p>\n<p style=\"text-align: justify;\">Urodzi\u0142 si\u0119 w 1926 roku w \u0141ebnie. Jego matka by\u0142a po\u0142o\u017cn\u0105 i wkr\u00f3tce przeprowadzili si\u0119 do powiatu puckiego. Ca\u0142\u0105 swoj\u0105 m\u0142odo\u015b\u0107 sp\u0119dzi\u0142 w Starzynie. Tu chodzi\u0142 do szko\u0142y, tu poznawa\u0142 kaszubskie zwyczaje. S\u0142ucha\u0142 te\u017c opowie\u015bci o dawnych czasach. Tu poznawa\u0142 otaczaj\u0105c\u0105 Go przyrod\u0119. II wojna \u015bwiatowa zasta\u0142a m\u0142odego Jana w trudnej sytuacji. Zosta\u0142 wcielony do batalion\u00f3w roboczych Wehrmachtu. Po zako\u0144czeniu wojny wr\u00f3ci\u0142 do Starzyna. Uko\u0144czy\u0142 dwuletni kurs przygotowawczy dla nauczycieli przy Liceum Pedagogicznym w Wejherowie. Rozpocz\u0105\u0142 prac\u0119 jako nauczyciel, najpierw w Starzynie, p\u00f3\u017aniej w Gnie\u017adzewie. P\u00f3\u017aniej zacz\u0105\u0142 wsp\u00f3\u0142pracowa\u0107 z \u201eDziennikiem Ba\u0142tyckim\u201d. To w&nbsp;\u201eRejsach\u201d opublikowa\u0142 swoje pierwsze utwory literackie. Jednak prawdziwy rozkwit Jego talentu nast\u0105pi\u0142 w Sopocie. To tu powsta\u0142y Jego powie\u015bci, \u201ePurtkowe Stegny\u201d (1956) \u201eHanesk\u201d (1957) czy \u201eSzumi\u0105ce wrzosy\u201d (1967). By\u0142 dzia\u0142aczem Zwi\u0105zku Literat\u00f3w Polskich oraz Zrzeszenia Kaszubsko-Pomorskiego. By\u0142 opiekunem i przyjacielem m\u0142odych Kaszub\u00f3w zrzeszonych w klubie \u201ePomerania\u201d. W 1968 zosta\u0142 odznaczony Medalem Stolema. W 1968 roku wydaje \u201eDzierzby w g\u0142ogach\u201d, a w 1970 \u201eCisz\u0119\u201d. Cz\u0119sto je\u017adzi po kraju, po Kaszubach \u2013 na spotkania autorskie. Cieszy si\u0119 wielk\u0105 charyzm\u0105, zw\u0142aszcza w\u015br\u00f3d dzieci i m\u0142odzie\u017cy. Piepka to typowy bajarz-opowiadacz. Potrafi\u0142 nawi\u0105za\u0107 bliski kontakt ze s\u0142uchaczami. Na pocz\u0105tku lat 80. Jan Piepka zamilk\u0142. Opu\u015bci\u0142 Sopot i zaszy\u0142 si\u0119 na ziemi ko\u015bcierskiej. Ale ostatnie lata to znowu prze\u0142om w tw\u00f3rczo\u015bci Jana Piepki. Teraz ju\u017c pisze pi\u0119kne, liryczne wiersze, kt\u00f3re zawar\u0142 w dw\u00f3ch tomikach: \u201eKrzyk ptak\u00f3w\u201d i \u201e Spiewa i&nbsp;lza\u201d. To by\u0142y ostatnie wydane za \u017cycia ksi\u0105\u017cki. Jan Piepka zosta\u0142 pochowany na cmentarzu w \u0141ebnie.<\/p>\n<ul>\n<li style=\"text-align: justify;\">Pragnieniem Jana Piepki by\u0142o pozostawienie po sobie pami\u0105tek dla spo\u0142ecze\u0144stwa \u0141ebna i ca\u0142ej gminy Szemud. Zar\u00f3wno pisarz jak i jego ksi\u0105\u017cki nierozerwalnie wi\u0105za\u0142y si\u0119 z bibliotek\u0105, zatem Izba Pami\u0119ci Jana Piepki powsta\u0142a w 2003r. w\u0142a\u015bnie przy bibliotece w \u0141ebnie, w\u015br\u00f3d ciszy kt\u00f3r\u0105 uwielbia\u0142. Wszystko co czyni\u0142 robi\u0142 z wielk\u0105 pasj\u0105 poch\u0142oni\u0119ty ca\u0142kowicie tym, czemu w danej chwili si\u0119 po\u015bwi\u0119ca\u0142 cz\u0119sto w&nbsp;osamotnieniu i cicho\u015bci. W Izbie Pami\u0119ci zosta\u0142 zgromadzony jego dorobek literacki \u0142\u0105cznie z r\u0119kopisami. Zosta\u0142y te\u017c zgromadzone rzeczy, kt\u00f3rymi si\u0119 otacza\u0142 pod koniec swojego \u017cycia. Znajduje si\u0119 tu biurko przy kt\u00f3rym tworzy\u0142, dwie maszyny do pisania, pami\u0105tki kt\u00f3re otrzymywa\u0142 podczas swoich spotka\u0144 autorskich. Dzia\u0142alno\u015b\u0107 Izby to przede wszystkim funkcja muzealna, niemniej jednak pe\u0142ni ona r\u00f3wnie\u017c funkcje kulturaln\u0105 polegaj\u0105c\u0105 na organizowaniu spotka\u0144 z pisarzami i lud\u017ami kultury.<\/li>\n<li style=\"text-align: justify;\">Biblioteka w \u0141ebnie po 11 latach od Jego \u015bmierci (20 czerwca 2012r) otrzymuje Imi\u0119 Jana Piepki. Jeste\u015bmy bardzo usatysfakcjonowani, \u017ce tak mocno i wyrazi\u015bcie uda\u0142o nam si\u0119 Go uhonorowa\u0107. Dla ca\u0142ej spo\u0142eczno\u015bci kaszubskiej Jan Piepka wci\u0105\u017c jest obecny, o&nbsp;czym przypomina nam Jego gr\u00f3b na cmentarzu w \u0141ebnie, oraz przesi\u0105kni\u0119ta my\u015bl\u0105 duchem i tw\u00f3rczo\u015bci\u0105 Izba Pami\u0119ci.<\/li>\n<\/ul>\n","protected":false},"excerpt":{"rendered":"<div class=\"mh-excerpt\"><p>Jan Piepka , pseudonim Jan Staszk\u00f3w (1926-2001)&nbsp; 8 marca 2001 roku zmar\u0142 Jan Piepka. Kim by\u0142 i dlaczego czcimy Jego pami\u0119\u0107? Urodzi\u0142 si\u0119 w 1926 <a class=\"mh-excerpt-more\" href=\"https:\/\/biblioteka.szemud.pl\/index.php\/patron\/jan-piepka\/\" title=\"Jan Piepka\">[&#8230;]<\/a><\/p>\n<\/div>","protected":false},"author":2,"featured_media":0,"parent":21,"menu_order":3,"comment_status":"closed","ping_status":"closed","template":"","meta":{"_price":"","_stock":"","_tribe_ticket_header":"","_tribe_default_ticket_provider":"","_tribe_ticket_capacity":"0","_ticket_start_date":"","_ticket_end_date":"","_tribe_ticket_show_description":"","_tribe_ticket_show_not_going":false,"_tribe_ticket_use_global_stock":"","_tribe_ticket_global_stock_level":"","_global_stock_mode":"","_global_stock_cap":"","_tribe_rsvp_for_event":"","_tribe_ticket_going_count":"","_tribe_ticket_not_going_count":"","_tribe_tickets_list":"[]","_tribe_ticket_has_attendee_info_fields":false,"_mc_calendar":[],"footnotes":"","_tec_slr_enabled":"","_tec_slr_layout":""},"class_list":["post-168","page","type-page","status-publish","hentry"],"ticketed":false,"_links":{"self":[{"href":"https:\/\/biblioteka.szemud.pl\/index.php\/wp-json\/wp\/v2\/pages\/168","targetHints":{"allow":["GET"]}}],"collection":[{"href":"https:\/\/biblioteka.szemud.pl\/index.php\/wp-json\/wp\/v2\/pages"}],"about":[{"href":"https:\/\/biblioteka.szemud.pl\/index.php\/wp-json\/wp\/v2\/types\/page"}],"author":[{"embeddable":true,"href":"https:\/\/biblioteka.szemud.pl\/index.php\/wp-json\/wp\/v2\/users\/2"}],"replies":[{"embeddable":true,"href":"https:\/\/biblioteka.szemud.pl\/index.php\/wp-json\/wp\/v2\/comments?post=168"}],"version-history":[{"count":3,"href":"https:\/\/biblioteka.szemud.pl\/index.php\/wp-json\/wp\/v2\/pages\/168\/revisions"}],"predecessor-version":[{"id":698,"href":"https:\/\/biblioteka.szemud.pl\/index.php\/wp-json\/wp\/v2\/pages\/168\/revisions\/698"}],"up":[{"embeddable":true,"href":"https:\/\/biblioteka.szemud.pl\/index.php\/wp-json\/wp\/v2\/pages\/21"}],"wp:attachment":[{"href":"https:\/\/biblioteka.szemud.pl\/index.php\/wp-json\/wp\/v2\/media?parent=168"}],"curies":[{"name":"wp","href":"https:\/\/api.w.org\/{rel}","templated":true}]}}