{"id":14854,"date":"2021-01-07T10:51:02","date_gmt":"2021-01-07T09:51:02","guid":{"rendered":"https:\/\/biblioteka.szemud.pl\/?page_id=14854"},"modified":"2021-01-21T10:28:00","modified_gmt":"2021-01-21T09:28:00","slug":"metropolitalna-karta-do-kultury","status":"publish","type":"page","link":"https:\/\/biblioteka.szemud.pl\/index.php\/metropolitalna-karta-do-kultury\/","title":{"rendered":"Metropolitalna Karta do Kultury"},"content":{"rendered":"<p><img loading=\"lazy\" decoding=\"async\" class=\"aligncenter wp-image-14875\" src=\"https:\/\/biblioteka.szemud.pl\/wp-content\/uploads\/2021\/01\/Metropolitalna-Karta-do-Kultury-300x225.png\" alt=\"\" width=\"557\" height=\"418\" srcset=\"https:\/\/biblioteka.szemud.pl\/wp-content\/uploads\/2021\/01\/Metropolitalna-Karta-do-Kultury-300x225.png 300w, https:\/\/biblioteka.szemud.pl\/wp-content\/uploads\/2021\/01\/Metropolitalna-Karta-do-Kultury-768x576.png 768w, https:\/\/biblioteka.szemud.pl\/wp-content\/uploads\/2021\/01\/Metropolitalna-Karta-do-Kultury.png 1024w, https:\/\/biblioteka.szemud.pl\/wp-content\/uploads\/2021\/01\/Metropolitalna-Karta-do-Kultury-678x509.png 678w, https:\/\/biblioteka.szemud.pl\/wp-content\/uploads\/2021\/01\/Metropolitalna-Karta-do-Kultury-326x245.png 326w, https:\/\/biblioteka.szemud.pl\/wp-content\/uploads\/2021\/01\/Metropolitalna-Karta-do-Kultury-80x60.png 80w\" sizes=\"auto, (max-width: 557px) 100vw, 557px\" \/><\/p>\n<p style=\"text-align: justify;\">Od stycznia 2021 r. wszystkie biblioteki publiczne w Gminie Szemud do\u0142\u0105czy\u0142y do programu Metropolitalnej Karty do Kultury.<\/p>\n<p style=\"text-align: justify;\"><strong>Metropolitalna Karta do Kultury<\/strong> to <strong>karta biblioteczna<\/strong>, a wraz z kart\u0105 <strong>ZNI\u017bKI<\/strong> na&nbsp;koncerty, wystawy, przedstawienia, do kina, do kawiarni oraz r\u00f3\u017cnego rodzaju kursy w&nbsp;Tr\u00f3jmie\u015bcie i okolicach.<\/p>\n<p style=\"text-align: justify;\">Po kart\u0119 zg\u0142o\u015b si\u0119 do dowolnej biblioteki publicznej na terenie Gminy Szemud. Zach\u0119camy Pa\u0144stwa do skorzystania z nowej oferty. &nbsp;Wi\u0119cej informacji o partnerach, zni\u017ckach, bibliotekach bior\u0105cych udzia\u0142 w programie na stronie internetowej Wojew\u00f3dzkiej i Miejskiej Biblioteki w Gda\u0144sku (<a href=\"http:\/\/wbpg.org.pl\/tresc\/metropolitalna-karta-do-kultury\">http:\/\/wbpg.org.pl\/tresc\/metropolitalna-karta-do-kultury<\/a>).<\/p>\n","protected":false},"excerpt":{"rendered":"<div class=\"mh-excerpt\"><p>Od stycznia 2021 r. wszystkie biblioteki publiczne w Gminie Szemud do\u0142\u0105czy\u0142y do programu Metropolitalnej Karty do Kultury. Metropolitalna Karta do Kultury to karta biblioteczna, a <a class=\"mh-excerpt-more\" href=\"https:\/\/biblioteka.szemud.pl\/index.php\/metropolitalna-karta-do-kultury\/\" title=\"Metropolitalna Karta do Kultury\">[&#8230;]<\/a><\/p>\n<\/div>","protected":false},"author":2,"featured_media":0,"parent":0,"menu_order":0,"comment_status":"closed","ping_status":"closed","template":"","meta":{"_price":"","_stock":"","_tribe_ticket_header":"","_tribe_default_ticket_provider":"","_tribe_ticket_capacity":"0","_ticket_start_date":"","_ticket_end_date":"","_tribe_ticket_show_description":"","_tribe_ticket_show_not_going":false,"_tribe_ticket_use_global_stock":"","_tribe_ticket_global_stock_level":"","_global_stock_mode":"","_global_stock_cap":"","_tribe_rsvp_for_event":"","_tribe_ticket_going_count":"","_tribe_ticket_not_going_count":"","_tribe_tickets_list":"[]","_tribe_ticket_has_attendee_info_fields":false,"_mc_calendar":[],"footnotes":"","_tec_slr_enabled":"","_tec_slr_layout":""},"class_list":["post-14854","page","type-page","status-publish","hentry"],"ticketed":false,"_links":{"self":[{"href":"https:\/\/biblioteka.szemud.pl\/index.php\/wp-json\/wp\/v2\/pages\/14854","targetHints":{"allow":["GET"]}}],"collection":[{"href":"https:\/\/biblioteka.szemud.pl\/index.php\/wp-json\/wp\/v2\/pages"}],"about":[{"href":"https:\/\/biblioteka.szemud.pl\/index.php\/wp-json\/wp\/v2\/types\/page"}],"author":[{"embeddable":true,"href":"https:\/\/biblioteka.szemud.pl\/index.php\/wp-json\/wp\/v2\/users\/2"}],"replies":[{"embeddable":true,"href":"https:\/\/biblioteka.szemud.pl\/index.php\/wp-json\/wp\/v2\/comments?post=14854"}],"version-history":[{"count":6,"href":"https:\/\/biblioteka.szemud.pl\/index.php\/wp-json\/wp\/v2\/pages\/14854\/revisions"}],"predecessor-version":[{"id":14876,"href":"https:\/\/biblioteka.szemud.pl\/index.php\/wp-json\/wp\/v2\/pages\/14854\/revisions\/14876"}],"wp:attachment":[{"href":"https:\/\/biblioteka.szemud.pl\/index.php\/wp-json\/wp\/v2\/media?parent=14854"}],"curies":[{"name":"wp","href":"https:\/\/api.w.org\/{rel}","templated":true}]}}